{"id":5017,"date":"2021-11-17T03:42:22","date_gmt":"2021-11-17T03:42:22","guid":{"rendered":"https:\/\/themeim.com\/wp\/flynext\/?page_id=13"},"modified":"2025-02-19T20:57:40","modified_gmt":"2025-02-19T20:57:40","slug":"contact","status":"publish","type":"page","link":"https:\/\/sync.aero\/us\/contact\/","title":{"rendered":"contact"},"content":{"rendered":"\t\t<div data-elementor-type=\"wp-page\" data-elementor-id=\"5017\" class=\"elementor elementor-5017\">\n\t\t\t\t\t\t<div class=\"elementor-section elementor-top-section elementor-element elementor-element-d2346b7 elementor-section-stretched elementor-section-boxed elementor-section-height-default elementor-section-height-default\" data-id=\"d2346b7\" data-element_type=\"section\" data-e-type=\"section\" data-settings=\"{&quot;stretch_section&quot;:&quot;section-stretched&quot;}\">\n\t\t\t\t\t\t<div class=\"elementor-container elementor-column-gap-default\">\n\t\t\t\t\t<div class=\"elementor-column elementor-col-100 elementor-top-column elementor-element elementor-element-440af23\" data-id=\"440af23\" data-element_type=\"column\" data-e-type=\"column\">\n\t\t\t<div class=\"elementor-widget-wrap elementor-element-populated\">\n\t\t\t\t\t\t<div class=\"elementor-section elementor-inner-section elementor-element elementor-element-eba4c7b elementor-section-boxed elementor-section-height-default elementor-section-height-default\" data-id=\"eba4c7b\" data-element_type=\"section\" data-e-type=\"section\">\n\t\t\t\t\t\t<div class=\"elementor-container elementor-column-gap-default\">\n\t\t\t\t\t<div class=\"elementor-column elementor-col-50 elementor-inner-column elementor-element elementor-element-de54cb3\" data-id=\"de54cb3\" data-element_type=\"column\" data-e-type=\"column\">\n\t\t\t<div class=\"elementor-widget-wrap elementor-element-populated\">\n\t\t\t\t\t\t<div class=\"elementor-element elementor-element-3d63beb elementor-widget elementor-widget-google_maps\" data-id=\"3d63beb\" data-element_type=\"widget\" data-e-type=\"widget\" data-widget_type=\"google_maps.default\">\n\t\t\t\t<div class=\"elementor-widget-container\">\n\t\t\t\t\t\t\t<div class=\"elementor-custom-embed\">\n\t\t\t<iframe loading=\"lazy\"\n\t\t\t\t\tsrc=\"https:\/\/maps.google.com\/maps?q=3956%20Merlin%20Dr%2C%20Kissimmee%2C%20FL%2034741%2C%20Estados%20Unidos&#038;t=m&#038;z=10&#038;output=embed&#038;iwloc=near\"\n\t\t\t\t\ttitle=\"3956 Merlin Dr, Kissimmee, FL 34741, Estados Unidos\"\n\t\t\t\t\taria-label=\"3956 Merlin Dr, Kissimmee, FL 34741, Estados Unidos\"\n\t\t\t><\/iframe>\n\t\t<\/div>\n\t\t\t\t\t\t<\/div>\n\t\t\t\t<\/div>\n\t\t\t\t\t<\/div>\n\t\t<\/div>\n\t\t\t\t<div class=\"elementor-column elementor-col-50 elementor-inner-column elementor-element elementor-element-ba36891\" data-id=\"ba36891\" data-element_type=\"column\" data-e-type=\"column\">\n\t\t\t<div class=\"elementor-widget-wrap elementor-element-populated\">\n\t\t\t\t\t\t<div class=\"elementor-element elementor-element-acbb24b elementor-widget elementor-widget-flynext-theme-heading-title-one-widget\" data-id=\"acbb24b\" data-element_type=\"widget\" data-e-type=\"widget\" data-widget_type=\"flynext-theme-heading-title-one-widget.default\">\n\t\t\t\t<div class=\"elementor-widget-container\">\n\t\t\t\t\t        <div class=\"theme-heading-title\" style=\"text-align:left\">\r\n            <div class=\"subtitle \">\r\n                                SyncJet                            <\/div>\r\n            <h3 class=\"title\">\r\n                Contact            <\/h3>\r\n            <p><\/p>        <\/div>\r\n        \t\t\t\t<\/div>\n\t\t\t\t<\/div>\n\t\t\t\t<div class=\"elementor-element elementor-element-4ea9b2b elementor-widget elementor-widget-flynext-contact-Info-List-one-widget\" data-id=\"4ea9b2b\" data-element_type=\"widget\" data-e-type=\"widget\" data-widget_type=\"flynext-contact-Info-List-one-widget.default\">\n\t\t\t\t<div class=\"elementor-widget-container\">\n\t\t\t\t\t        <div class=\"contact-info-list-wrapper\">\n            <div class=\"single-contact-item\">\n                <div class=\"icon\">\n                    <i aria-hidden=\"true\" class=\"flaticon flaticon-location-1\"><\/i>                <\/div>\n                <div class=\"content\">\n                    <h4 class=\"title\">Hangar SyncJet Cascavel<\/h4>\n                    <span class=\"details\">956 Merlin Dr,<\/span><span class=\"details\">Kissimmee, Florida<\/span><span class=\"details\">34741<\/span><span class=\"details\"><\/span><span class=\"details\"><\/span>                <\/div>\n            <\/div>\n        <\/div>\n\n        \t\t\t\t<\/div>\n\t\t\t\t<\/div>\n\t\t\t\t<div class=\"elementor-element elementor-element-4d1146d elementor-widget elementor-widget-flynext-contact-Info-List-one-widget\" data-id=\"4d1146d\" data-element_type=\"widget\" data-e-type=\"widget\" data-widget_type=\"flynext-contact-Info-List-one-widget.default\">\n\t\t\t\t<div class=\"elementor-widget-container\">\n\t\t\t\t\t        <div class=\"contact-info-list-wrapper\">\n            <div class=\"single-contact-item\">\n                <div class=\"icon\">\n                    <i aria-hidden=\"true\" class=\"flaticon flaticon-phone\"><\/i>                <\/div>\n                <div class=\"content\">\n                    <h4 class=\"title\">Contact Numbers<\/h4>\n                    <span class=\"details\">Tel: +1 (855) 316-3699 (EUA)<\/span><span class=\"details\">Aircraft Sales: +1 (407) 490-6173  (EUA)<\/span><span class=\"details\">Tel: 0800-762-0001 (Brasil)<\/span><span class=\"details\"><\/span><span class=\"details\"><\/span>                <\/div>\n            <\/div>\n        <\/div>\n\n        \t\t\t\t<\/div>\n\t\t\t\t<\/div>\n\t\t\t\t<div class=\"elementor-element elementor-element-d8ee0ec elementor-widget elementor-widget-flynext-contact-Info-List-one-widget\" data-id=\"d8ee0ec\" data-element_type=\"widget\" data-e-type=\"widget\" data-widget_type=\"flynext-contact-Info-List-one-widget.default\">\n\t\t\t\t<div class=\"elementor-widget-container\">\n\t\t\t\t\t        <div class=\"contact-info-list-wrapper\">\n            <div class=\"single-contact-item\">\n                <div class=\"icon\">\n                    <i aria-hidden=\"true\" class=\"flaticon flaticon-email\"><\/i>                <\/div>\n                <div class=\"content\">\n                    <h4 class=\"title\">E-mail<\/h4>\n                    <span class=\"details\">pedro.bizzotto@sync.aero<\/span><span class=\"details\">contato@sync.aero<\/span><span class=\"details\"><\/span>                <\/div>\n            <\/div>\n        <\/div>\n\n        \t\t\t\t<\/div>\n\t\t\t\t<\/div>\n\t\t\t\t\t<\/div>\n\t\t<\/div>\n\t\t\t\t\t<\/div>\n\t\t<\/div>\n\t\t\t\t\t<\/div>\n\t\t<\/div>\n\t\t\t\t\t<\/div>\n\t\t<\/div>\n\t\t\t\t<div class=\"elementor-section elementor-top-section elementor-element elementor-element-7aa3454 elementor-section-stretched elementor-section-boxed elementor-section-height-default elementor-section-height-default\" data-id=\"7aa3454\" data-element_type=\"section\" data-e-type=\"section\" data-settings=\"{&quot;stretch_section&quot;:&quot;section-stretched&quot;,&quot;background_background&quot;:&quot;classic&quot;}\">\n\t\t\t\t\t\t<div class=\"elementor-container elementor-column-gap-default\">\n\t\t\t\t\t<div class=\"elementor-column elementor-col-100 elementor-top-column elementor-element elementor-element-110272e\" data-id=\"110272e\" data-element_type=\"column\" data-e-type=\"column\">\n\t\t\t<div class=\"elementor-widget-wrap elementor-element-populated\">\n\t\t\t\t\t\t<div class=\"elementor-element elementor-element-28819ef elementor-widget elementor-widget-text-editor\" data-id=\"28819ef\" data-element_type=\"widget\" data-e-type=\"widget\" data-widget_type=\"text-editor.default\">\n\t\t\t\t<div class=\"elementor-widget-container\">\n\t\t\t\t\t\t\t\t\t<div class=\"uk-margin-bottom\"><h2><span style=\"vertical-align: inherit;\"><span style=\"vertical-align: inherit;\">INTERNACIONAL<\/span><\/span><\/h2><p><span style=\"vertical-align: inherit;\"><span style=\"vertical-align: inherit;\">Para solicita\u00e7\u00f5es de manuseio internacional ou parcerias comerciais, entre em contato conosco em:<\/span><\/span><\/p><p><a href=\"tel:+5545991254644\"><span style=\"vertical-align: inherit;\"><span style=\"vertical-align: inherit;\">+1 (754) 262-0556<\/span><\/span><\/a><\/p><p><a href=\"mailto:diretoria@sync.aero\"><span style=\"vertical-align: inherit;\"><span style=\"vertical-align: inherit;\">diretoria@sync.aero<\/span><\/span><\/a><\/p><p><span style=\"vertical-align: inherit;\"><span style=\"vertical-align: inherit;\">\u2014<\/span><\/span><\/p><\/div><div><h2><span style=\"vertical-align: inherit;\"><span style=\"vertical-align: inherit;\">RAMPA<\/span><\/span><\/h2><p><span style=\"vertical-align: inherit;\"><span style=\"vertical-align: inherit;\">Para solicita\u00e7\u00f5es de suporte fora do hor\u00e1rio comercial, entre em contato com:<\/span><\/span><\/p><p><a href=\"tel:+5545991254644\"><span style=\"vertical-align: inherit;\"><span style=\"vertical-align: inherit;\">+55 (45) 99125-4644<\/span><\/span><\/a><\/p><p><span style=\"vertical-align: inherit;\"><span style=\"vertical-align: inherit;\">Para outras d\u00favidas, utilize o formul\u00e1rio.<\/span><\/span><\/p><\/div>\t\t\t\t\t\t\t\t<\/div>\n\t\t\t\t<\/div>\n\t\t\t\t\t<\/div>\n\t\t<\/div>\n\t\t\t\t\t<\/div>\n\t\t<\/div>\n\t\t\t\t<div class=\"elementor-section elementor-top-section elementor-element elementor-element-0008d18 elementor-section-stretched elementor-section-boxed elementor-section-height-default elementor-section-height-default\" data-id=\"0008d18\" data-element_type=\"section\" data-e-type=\"section\" data-settings=\"{&quot;stretch_section&quot;:&quot;section-stretched&quot;,&quot;background_background&quot;:&quot;classic&quot;}\">\n\t\t\t\t\t\t<div class=\"elementor-container elementor-column-gap-default\">\n\t\t\t\t\t<div class=\"elementor-column elementor-col-100 elementor-top-column elementor-element elementor-element-1282fd0\" data-id=\"1282fd0\" data-element_type=\"column\" data-e-type=\"column\">\n\t\t\t<div class=\"elementor-widget-wrap elementor-element-populated\">\n\t\t\t\t\t\t<div class=\"elementor-section elementor-inner-section elementor-element elementor-element-15ba562 elementor-section-boxed elementor-section-height-default elementor-section-height-default\" data-id=\"15ba562\" data-element_type=\"section\" data-e-type=\"section\">\n\t\t\t\t\t\t<div class=\"elementor-container elementor-column-gap-default\">\n\t\t\t\t\t<div class=\"elementor-column elementor-col-50 elementor-inner-column elementor-element elementor-element-4de1e69\" data-id=\"4de1e69\" data-element_type=\"column\" data-e-type=\"column\">\n\t\t\t<div class=\"elementor-widget-wrap elementor-element-populated\">\n\t\t\t\t\t\t<div class=\"elementor-element elementor-element-79b8984 elementor-widget elementor-widget-heading\" data-id=\"79b8984\" data-element_type=\"widget\" data-e-type=\"widget\" data-widget_type=\"heading.default\">\n\t\t\t\t<div class=\"elementor-widget-container\">\n\t\t\t\t\t<span class=\"elementor-heading-title elementor-size-default\">Fale com a SyncJet<\/span>\t\t\t\t<\/div>\n\t\t\t\t<\/div>\n\t\t\t\t<div class=\"elementor-element elementor-element-a504b32 elementor-widget-tablet__width-auto elementor-widget elementor-widget-heading\" data-id=\"a504b32\" data-element_type=\"widget\" data-e-type=\"widget\" data-widget_type=\"heading.default\">\n\t\t\t\t<div class=\"elementor-widget-container\">\n\t\t\t\t\t<h3 class=\"elementor-heading-title elementor-size-default\">Contact Form<\/h3>\t\t\t\t<\/div>\n\t\t\t\t<\/div>\n\t\t\t\t\t<\/div>\n\t\t<\/div>\n\t\t\t\t<div class=\"elementor-column elementor-col-50 elementor-inner-column elementor-element elementor-element-2606c5f\" data-id=\"2606c5f\" data-element_type=\"column\" data-e-type=\"column\">\n\t\t\t<div class=\"elementor-widget-wrap elementor-element-populated\">\n\t\t\t\t\t\t<div class=\"elementor-element elementor-element-0959af1 elementor-widget elementor-widget-shortcode\" data-id=\"0959af1\" data-element_type=\"widget\" data-e-type=\"widget\" data-widget_type=\"shortcode.default\">\n\t\t\t\t<div class=\"elementor-widget-container\">\n\t\t\t\t\t\t\t<div class=\"elementor-shortcode\">\n<div class=\"wpcf7 no-js\" id=\"wpcf7-f9265-o1\" lang=\"en-US\" dir=\"ltr\" data-wpcf7-id=\"9265\">\n<div class=\"screen-reader-response\"><p role=\"status\" aria-live=\"polite\" aria-atomic=\"true\"><\/p> <ul><\/ul><\/div>\n<form action=\"\/us\/wp-json\/wp\/v2\/pages\/5017#wpcf7-f9265-o1\" method=\"post\" class=\"wpcf7-form init\" aria-label=\"Contact form\" novalidate=\"novalidate\" data-status=\"init\">\n<div style=\"display: none;\">\n<input type=\"hidden\" name=\"_wpcf7\" value=\"9265\" \/>\n<input type=\"hidden\" name=\"_wpcf7_version\" value=\"6.0.6\" \/>\n<input type=\"hidden\" name=\"_wpcf7_locale\" value=\"en_US\" \/>\n<input type=\"hidden\" name=\"_wpcf7_unit_tag\" value=\"wpcf7-f9265-o1\" \/>\n<input type=\"hidden\" name=\"_wpcf7_container_post\" value=\"0\" \/>\n<input type=\"hidden\" name=\"_wpcf7_posted_data_hash\" value=\"\" \/>\n<\/div>\n<div class=\"contact-form-area\">\n                                <div class=\"row justify-content-center mb-20-none\">\n                                    <div class=\"col-xl-6 col-lg-6 form-group\">\n                                        <label class=\"icon\"><i class=\"flaticon-user-2\"><\/i><\/label>\n                                        <span class=\"wpcf7-form-control-wrap\" data-name=\"text-685\"><input size=\"40\" maxlength=\"400\" class=\"wpcf7-form-control wpcf7-text wpcf7-validates-as-required form--control\" aria-required=\"true\" aria-invalid=\"false\" placeholder=\"Name*\" value=\"\" type=\"text\" name=\"text-685\" \/><\/span> \n                                    <\/div>\n                                    <div class=\"col-xl-6 col-lg-6 form-group\">\n                                        <label class=\"icon\"><i class=\"flaticon-email\"><\/i><\/label>\n                                        <span class=\"wpcf7-form-control-wrap\" data-name=\"email-413\"><input size=\"40\" maxlength=\"400\" class=\"wpcf7-form-control wpcf7-email wpcf7-validates-as-required wpcf7-text wpcf7-validates-as-email form--control\" aria-required=\"true\" aria-invalid=\"false\" placeholder=\"Email\" value=\"\" type=\"email\" name=\"email-413\" \/><\/span>\n                                    <\/div>\n                                    <div class=\"col-xl-6 col-lg-6 form-group\">\n                                        <label class=\"icon\"><i class=\"flaticon-phone\"><\/i><\/label>\n                                        <span class=\"wpcf7-form-control-wrap\" data-name=\"tel-214\"><input size=\"40\" maxlength=\"400\" class=\"wpcf7-form-control wpcf7-tel wpcf7-validates-as-required wpcf7-text wpcf7-validates-as-tel form--control\" aria-required=\"true\" aria-invalid=\"false\" placeholder=\"Phone*\" value=\"\" type=\"tel\" name=\"tel-214\" \/><\/span>\n                                    <\/div>\n                                    <div class=\"col-xl-6 col-lg-6 form-group\">\n                                        <span class=\"wpcf7-form-control-wrap\" data-name=\"menu-892\"><select class=\"wpcf7-form-control wpcf7-select wpcf7-validates-as-required form--control\" aria-required=\"true\" aria-invalid=\"false\" name=\"menu-892\"><option value=\"Work With Us\">Work With Us<\/option><option value=\"Sales\">Sales<\/option><option value=\"Operations\">Operations<\/option><option value=\"Air Taxi\">Air Taxi<\/option><option value=\"Trainings\">Trainings<\/option><option value=\"Ferry Flights\">Ferry Flights<\/option><\/select><\/span>\n                                    <\/div>\n                                    <div class=\"col-lg-12 form-group\">\n                                        <label class=\"icon\"><i class=\"flaticon-pencil\"><\/i><\/label>\n                                       <span class=\"wpcf7-form-control-wrap\" data-name=\"textarea-959\"><textarea cols=\"40\" rows=\"10\" maxlength=\"2000\" class=\"wpcf7-form-control wpcf7-textarea wpcf7-validates-as-required form--control\" aria-required=\"true\" aria-invalid=\"false\" placeholder=\"Message\n*\" name=\"textarea-959\"><\/textarea><\/span>\n                                    <\/div>\n                                    <div class=\"col-lg-12 form-group\">\n                                      <button type=\"submit\" class=\"wpcf7-submit btn--base\">Send Message\n<i class=\"flaticon-black-plane ml-2\"><\/i><\/button>\n                                    <\/div>\n                                <\/div>\n                            <\/div><div class=\"wpcf7-response-output\" aria-hidden=\"true\"><\/div>\n<\/form>\n<\/div>\n<\/div>\n\t\t\t\t\t\t<\/div>\n\t\t\t\t<\/div>\n\t\t\t\t\t<\/div>\n\t\t<\/div>\n\t\t\t\t\t<\/div>\n\t\t<\/div>\n\t\t\t\t\t<\/div>\n\t\t<\/div>\n\t\t\t\t\t<\/div>\n\t\t<\/div>\n\t\t\t\t<\/div>\n\t\t","protected":false},"excerpt":{"rendered":"<p>SyncJet Contact Hangar SyncJet Cascavel 956 Merlin Dr,Kissimmee, Florida34741 Contact Numbers Tel: +1 (855) 316-3699 (EUA)Aircraft Sales: +1 (407) 490-6173 (EUA)Tel: 0800-762-0001 (Brasil) E-mail pedro.bizzotto@sync.aerocontato@sync.aero INTERNACIONAL Para solicita\u00e7\u00f5es de manuseio internacional ou parcerias comerciais, entre em contato conosco em: +1 (754) 262-0556 diretoria@sync.aero \u2014 RAMPA Para solicita\u00e7\u00f5es de suporte fora do hor\u00e1rio comercial, entre em<\/p>\n","protected":false},"author":1,"featured_media":0,"parent":0,"menu_order":0,"comment_status":"closed","ping_status":"closed","template":"","meta":{"_blockly_fonts_attr":"","footnotes":""},"class_list":["post-5017","page","type-page","status-publish","hentry"],"_links":{"self":[{"href":"https:\/\/sync.aero\/us\/wp-json\/wp\/v2\/pages\/5017","targetHints":{"allow":["GET"]}}],"collection":[{"href":"https:\/\/sync.aero\/us\/wp-json\/wp\/v2\/pages"}],"about":[{"href":"https:\/\/sync.aero\/us\/wp-json\/wp\/v2\/types\/page"}],"author":[{"embeddable":true,"href":"https:\/\/sync.aero\/us\/wp-json\/wp\/v2\/users\/1"}],"replies":[{"embeddable":true,"href":"https:\/\/sync.aero\/us\/wp-json\/wp\/v2\/comments?post=5017"}],"version-history":[{"count":3,"href":"https:\/\/sync.aero\/us\/wp-json\/wp\/v2\/pages\/5017\/revisions"}],"predecessor-version":[{"id":9271,"href":"https:\/\/sync.aero\/us\/wp-json\/wp\/v2\/pages\/5017\/revisions\/9271"}],"wp:attachment":[{"href":"https:\/\/sync.aero\/us\/wp-json\/wp\/v2\/media?parent=5017"}],"curies":[{"name":"wp","href":"https:\/\/api.w.org\/{rel}","templated":true}]}}